{"id":14830,"date":"2018-09-21T09:49:04","date_gmt":"2018-09-21T07:49:04","guid":{"rendered":"https:\/\/www.adrena-software.com\/mentions-legales\/"},"modified":"2026-03-13T11:40:48","modified_gmt":"2026-03-13T10:40:48","slug":"legale-notices","status":"publish","type":"page","link":"https:\/\/www.adrena-software.com\/en\/legale-notices\/","title":{"rendered":"Legal notices"},"content":{"rendered":"\n\n\t<h2>Editeur<\/h2>\nStatut de la soci\u00e9t\u00e9 : SAS<br \/>\nNom de la soci\u00e9t\u00e9 : ADRENA<br \/>\nN\u00b0 Siret : 44957004300017<br \/>\nNAF : 6201Z<br \/>\nNom du (des) responsable(s) : M RODET Michel\n<h2>Contact<\/h2>\nAdresse :<br \/>\n183, route de Clisson<br \/>\nCode postal : 44230<br \/>\nVille : Saint S\u00e9bastien sur Loire<br \/>\nR\u00e9gion : Pays de la Loire<br \/>\nPays : France<br \/>\nT\u00e9l\u00e9phone : +33 (0)975.45.40.48<br \/>\nEmail : sarl.adrena@adrena.fr<br \/>\nURL :\u00a0<a title=\"\" href=\"https:\/\/www.adrena-software.com\" target=\"_blank\" rel=\"noopener\">https:\/\/www.adrena-software.com<\/a>\n<p>&nbsp;<\/p>\n<h2>Notes l\u00e9gales<\/h2>\n<strong>Responsable Editeur : M RODET Michel<\/strong><br \/>\nEmail (contenu) :\u00a0<a href=\"mailto:sarl.adrena@adrena.fr\">sarl.adrena@adrena.fr<\/a>\n<strong>Responsable technique :<\/strong> Sylvain Chevallier &#8211; Web Images Associ\u00e9es<br \/>\nEmail (technique) : <a href=\"mailto:contact@web-ia.com\">contact@web-ia.com<\/a>\n<h2>Conditions d&#8217;utilisation<\/h2>\n<p><a title=\"\" href=\"https:\/\/www.adrena-software.com\" target=\"_blank\" rel=\"noopener\">https:\/\/www.adrena-software.com<\/a><\/p>\n<p>N\u00b0 d\u00e9claration CNIL : 1438508<\/p>\n<strong>Gestion de projet :<br \/>\n<\/strong>Vincent Gicquel pour Web-ia\n<strong>Cr\u00e9ation graphique :<\/strong><br \/>\nLionel Herard pour Web-ia\n<strong> Conception, r\u00e9alisation technique :<\/strong><br \/>\nSylvain Chevallier, Boris Billy, Lionel H\u00e9rard, Antoine Tirouflet pour Web-ia &#8211; <a title=\"Cr\u00e9ation Internet \u00e0 Nantes - Web Images Associ\u00e9s\" href=\"https:\/\/www.web-ia.com\/\" target=\"_self\">https:\/\/www.web-ia.com<\/a>\n<strong> H\u00e9bergement :<\/strong><br \/>\nWeb-ia &#8211; <a title=\"Cr\u00e9ation Internet \u00e0 Nantes - Web Images Associ\u00e9s\" href=\"https:\/\/www.web-ia.com\/\" target=\"_self\">https:\/\/www.web-ia.com<\/a>\n<p><strong> Dispositions l\u00e9gales :<\/strong><\/p>\nLes divers \u00e9l\u00e9ments du site web (forme, mise en page, fond, structure) sont prot\u00e9g\u00e9s par le droit des dessins et mod\u00e8les, le droit d&#8217;auteur, le droit des marques ainsi que le droit \u00e0 l&#8217;image et ils ne peuvent \u00eatre copi\u00e9s ou imit\u00e9s en tout ou partie sauf autorisation expresse de M RODET Michel.<br \/>\nToutes personne ne respectant pas les dispositions l\u00e9gales se rend coupable du d\u00e9lit de contrefa\u00e7on et est passible des sanctions p\u00e9nales pr\u00e9vues par la loi.\n<p><strong> Droits d&#8217;auteurs<\/strong><strong>:<\/strong><\/p>\n<p>Le pr\u00e9sent site constitue une \u0153uvre au sens des articles L. 111.1 et suivants du Code de la propri\u00e9t\u00e9 intellectuelle. Les photographies, textes, logos, pictogrammes, ainsi que toutes \u0153uvres int\u00e9gr\u00e9es dans le site sont la propri\u00e9t\u00e9 de M RODET Michel ou de tiers ayant autoris\u00e9 M RODET Michel \u00e0 les utiliser. Les reproductions, les transmissions, les modifications, les r\u00e9utilisations, sur un support papier ou informatique, dudit site et des \u0153uvres qui y sont reproduites ne sont autoris\u00e9es que pour un usage personnel et priv\u00e9 conforme aux dispositions de l&#8217;article L 122-5 du Code de la Propri\u00e9t\u00e9 Intellectuelle. Ces reproductions devront ainsi notamment indiquer clairement la source et l&#8217;auteur du site et\/ou de ces \u0153uvres multim\u00e9dias.<\/p>\n<p>En aucun cas ces reproductions ne sauraient porter pr\u00e9judice aux droits des tiers. Les reproductions, les transmissions, les modifications, les r\u00e9utilisations \u00e0 des fins publicitaires, commerciales ou d&#8217;information, de tout ou partie du site, sont totalement interdites.<\/p>\n<strong> Droit des bases de donn\u00e9es : <\/strong><br \/>\nLes bases de donn\u00e9es sont prot\u00e9g\u00e9es par la loi du 1er juillet 1998 et le r\u00e9gime fran\u00e7ais du droit d&#8217;auteur.\nEtablissements de liens vers le site https:\/\/www.adrena-software.com<br \/>\nM RODET Michel autorise la mise en place d&#8217;un lien hypertexte vers le site https:\/\/www.adrena-software.com pour tous les sites Internet, \u00e0 l&#8217;exclusion de ceux diffusant des informations \u00e0 caract\u00e8re pol\u00e9mique, pornographique, x\u00e9nophobe ou pouvant, dans une plus large mesure porter atteinte \u00e0 la sensibilit\u00e9 du plus grand nombre.<br \/>\nLes pages du site https:\/\/www.adrena-software.comne doivent en aucun cas \u00eatre int\u00e9gr\u00e9es \u00e0 l&#8217;int\u00e9rieur des pages d&#8217;un autre site (Frame). Sauf autorisation sp\u00e9cifique qui pourra \u00eatre accord\u00e9e au cas par cas.\nLa demande d&#8217;\u00e9tablissement de lien hypertexte \u00e0 partir du site de M RODET Michel, https:\/\/www.adrena-software.com doit \u00eatre faite par mail \u00e0 : sarl.adrena@adrena.fr<br \/>\nM RODET Michel se r\u00e9serve le droit de demander la suppression d&#8217;un lien si elle estime que le site cible ne respecte pas les r\u00e8gles ainsi d\u00e9finies.\nLiens vers des sites tiers depuis le site https:\/\/www.adrena-software.com<br \/>\nLes liens hypertextes mis en \u0153uvre au sein du site en direction d&#8217;autres sites et\/ou de pages personnelles et d&#8217;une mani\u00e8re g\u00e9n\u00e9rale vers toutes ressources existantes sur internet ne sauraient engager la responsabilit\u00e9 de M RODET Michel quant aux liens qu&#8217;ils contiennent ou aux changements ou mises \u00e0 jour qui leur sont apport\u00e9s.\n<strong> Copyright :<\/strong><br \/>\nTous droits r\u00e9serv\u00e9s \u00a9 ADRENA 2018. Toutes les pages du site &#8220;www.adrena-software.com&#8221; sont prot\u00e9g\u00e9es.<br \/>\nTous droits de reproduction et de diffusion r\u00e9serv\u00e9s. \u00a9 ADRENA 2018.\n<p><strong> Mise en garde g\u00e9n\u00e9rale :<\/strong><\/p>\n<p>Nos services mettent tout en \u0153uvre pour offrir aux visiteurs de ce site web des informations fiables et v\u00e9rifi\u00e9es. Cependant, malgr\u00e9 tous les soins apport\u00e9s, le site peut comporter des inexactitudes, des d\u00e9fauts de mise \u00e0 jour ou des erreurs. Nous remercions les utilisateurs du site de nous faire part d&#8217;\u00e9ventuelles omissions, erreurs ou corrections par mail \u00e0 : sarl.adrena@adrena.fr<\/p>\n<p>Toutefois, les informations contenues y compris leur aspect et leurs caract\u00e9ristiques, sur le site de M RODET Michel ne sont pas contractuelles.<\/p>\n<p>Ces informations ne constituent ni une garantie ni un engagement de la part de M RODET Michel \u00e0 l&#8217;\u00e9gard de tout produit ou service, M RODET Michel d\u00e9cline toute responsabilit\u00e9, expresse ou implicite, quant \u00e0 leur compl\u00e9tude, leur exactitude ou leur ad\u00e9quation \u00e0 un but quelconque.<\/p>\n<p>M RODET Michel d\u00e9cline toute responsabilit\u00e9 quant \u00e0 la pertinence des informations fournies et \u00e0 l&#8217;utilisation qu&#8217;un internaute est susceptible d&#8217;en faire.<\/p>\n<p>&nbsp;<\/p>\n<strong>Cookies:<br \/>\n<\/strong>\n\u2022 Les cookies que nous \u00e9mettons.<br \/>\nLes cookies que nous installons, dans votre terminal, nous permettent de reconna\u00eetre votre navigateur lorsque vous vous connectez \u00e0 notre site. Soucieux de servir nos clients au mieux, nous \u00e9mettons des cookies afin :\nD&#8217;\u00e9tablir des statistiques de fr\u00e9quentation (nombre de visites, de pages vues, d&#8217;abandon dans le processus de commande, . .) pour suivre et am\u00e9liorer la qualit\u00e9 de nos services.<br \/>\nD&#8217;adapter la pr\u00e9sentation de notre site aux pr\u00e9f\u00e9rences d&#8217;affichage de votre terminal.<br \/>\nDe m\u00e9moriser des informations saisies dans nos formulaires, g\u00e9rer et s\u00e9curiser l&#8217;acc\u00e8s \u00e0 des espaces r\u00e9serv\u00e9s et personnels tels que votre compte, g\u00e9rer votre commande.<br \/>\nDe vous fournir du contenu en rapport avec vos centres d&#8217;int\u00e9r\u00eats et de personnaliser les offres que nous vous adressons.<br \/>\n\u2022 Les Cookies tiers<br \/>\nLorsque vous acc\u00e9dez \u00e0 notre site internet, un ou plusieurs cookies de soci\u00e9t\u00e9s partenaires (cookies tiers) sont susceptibles d&#8217;\u00eatre plac\u00e9s dans votre ordinateur via les pages de notre site.<br \/>\nL&#8217;\u00e9mission et l&#8217;utilisation de cookies par des tiers, sont soumises aux politiques de protection de la vie priv\u00e9e de ces tiers. Nous avons ni acc\u00e8s et ni contr\u00f4le sur les cookies tiers. Toutefois nous veillons \u00e0 ce que les soci\u00e9t\u00e9s partenaires traitent les informations collect\u00e9es sur le site de la soci\u00e9t\u00e9 ADRENA exclusivement pour les besoins d&#8217;ADRENA et dans le respect de la loi \u00abInformatique et Libert\u00e9s\u00bb. Nous vous informons que vous pouvez refuser les cookies tiers par un param\u00e9trage appropri\u00e9 de votre navigateur. Ces cookies sont d\u00e9pos\u00e9s par les prestataires auxquels nous faisons appel pour promouvoir nos activit\u00e9s et nos offres. Ils ont pour objet d&#8217;identifier les produits consult\u00e9s ou achet\u00e9s sur notre site afin de personnaliser l&#8217;offre publicitaire qui vous est adress\u00e9e en dehors du site d&#8217;ADRENA, de vous adresser, si vous l&#8217;avez autoris\u00e9 lors de votre inscription aupr\u00e8s de ces prestataires, des offres d&#8217;ADRENA par email.\n\u2022 Vos choix concernant les cookies<br \/>\nPlusieurs possibilit\u00e9s vous sont offertes pour g\u00e9rer les cookies. Tout param\u00e9trage que vous pouvez entreprendre sera susceptible de modifier votre navigation sur Internet et vos conditions d&#8217;acc\u00e8s \u00e0 certains services n\u00e9cessitant l&#8217;utilisation de Cookies. Vous pouvez exprimer et modifier \u00e0 tout moment vos souhaits en mati\u00e8re de cookies, par les moyens d\u00e9crits ci-dessous.\n\u20221\u2022 Les choix qui vous sont offerts par votre logiciel de navigation :<br \/>\nVous pouvez configurer votre logiciel de navigation de mani\u00e8re \u00e0 ce que des cookies soient enregistr\u00e9s dans votre terminal ou, au contraire, qu&#8217;ils soient rejet\u00e9s, soit syst\u00e9matiquement, soit selon leur \u00e9metteur. Vous pouvez \u00e9galement configurer votre logiciel de navigation de mani\u00e8re \u00e0 ce que l&#8217;acceptation ou le refus des cookies vous soient propos\u00e9s ponctuellement, avant qu&#8217;un cookie soit susceptible d&#8217;\u00eatre enregistr\u00e9 dans votre terminal. Nous vous informons que si votre navigateur est configur\u00e9 de mani\u00e8re \u00e0 refuser tous les cookies, vous ne pourrez pas effectuer de r\u00e9servation ou profiter de fonctions essentielles de notre site. Nous vous invitons \u00e0 param\u00e9trer votre navigateur au mieux. La configuration de chaque navigateur est diff\u00e9rente. Elle est d\u00e9crite dans le menu d&#8217;aide de votre navigateur, qui vous permettra de savoir de quelle mani\u00e8re modifier vos souhaits en mati\u00e8re de cookies.\n\u20222\u2022 Vos choix exprim\u00e9s en ligne aupr\u00e8s de plateformes interprofessionnelles :<br \/>\nVous pouvez vous connecter au site Youronlinechoices, propos\u00e9 par les professionnels de la publicit\u00e9 digitale regroup\u00e9s au sein de l&#8217;association europ\u00e9enne EDAA (European Digital Advertising Alliance) et g\u00e9r\u00e9 en France par l&#8217;Interactive Advertising Bureau France. Cette plate-forme europ\u00e9enne est partag\u00e9e par des centaines de professionnels de la publicit\u00e9 sur Internet et constitue une interface centralis\u00e9e vous permettant d&#8217;exprimer votre refus ou votre acceptation des cookies utilis\u00e9s afin d&#8217;adapter les publicit\u00e9s \u00e0 la navigation de votre terminal. Par ailleurs, les plateformes suivantes : IAB opt-out platform, Network Advertising Initiative opt-out platform, Digital Advertising Alliance platform, vous permettent \u00e9galement d&#8217;exprimer vos choix aupr\u00e8s de tous les acteurs int\u00e9gr\u00e9s \u00e0 ces plateformes.\n<p>Notez que cette proc\u00e9dure n&#8217;emp\u00eachera pas l&#8217;affichage de publicit\u00e9s sur les sites Internet que vous visitez. Elle ne bloquera que les technologies qui permettent d&#8217;adapter des publicit\u00e9s \u00e0 vos centres d&#8217;int\u00e9r\u00eats.<\/p>\n<p>&nbsp;<\/p>\n<p><strong>Cr\u00e9ation du site par\u00a0 : <\/strong><a title=\"Cr\u00e9ation Internet \u00e0 Nantes - Web Images Associ\u00e9es\" href=\"https:\/\/www.web-ia.com\" target=\"_blank\" rel=\"noopener\">Web-ia<\/a><\/p>\n<p>&nbsp;<\/p>\n<p>&nbsp;<\/p>\n\n","protected":false},"excerpt":{"rendered":"<p>Editeur Statut de la soci\u00e9t\u00e9 : SAS Nom de la soci\u00e9t\u00e9 : ADRENA N\u00b0 Siret : 44957004300017 NAF : 6201Z Nom du (des) responsable(s) : M RODET Michel Contact Adresse : 183, route de Clisson Code postal : 44230 Ville : Saint S\u00e9bastien sur Loire R\u00e9gion : Pays de la Loire Pays : France T\u00e9l\u00e9phone [&hellip;]<\/p>\n","protected":false},"author":2,"featured_media":0,"parent":0,"menu_order":0,"comment_status":"closed","ping_status":"closed","template":"","meta":{"_acf_changed":false,"footnotes":""},"class_list":["post-14830","page","type-page","status-publish","hentry"],"acf":[],"yoast_head":"<!-- This site is optimized with the Yoast SEO plugin v27.3 - https:\/\/yoast.com\/product\/yoast-seo-wordpress\/ -->\n<title>Legal notices - Adrena software<\/title>\n<meta name=\"robots\" content=\"noindex, follow\" \/>\n<meta property=\"og:locale\" content=\"en_US\" \/>\n<meta property=\"og:type\" content=\"article\" \/>\n<meta property=\"og:title\" content=\"Legal notices - Adrena software\" \/>\n<meta property=\"og:description\" content=\"Editeur Statut de la soci\u00e9t\u00e9 : SAS Nom de la soci\u00e9t\u00e9 : ADRENA N\u00b0 Siret : 44957004300017 NAF : 6201Z Nom du (des) responsable(s) : M RODET Michel Contact Adresse : 183, route de Clisson Code postal : 44230 Ville : Saint S\u00e9bastien sur Loire R\u00e9gion : Pays de la Loire Pays : France T\u00e9l\u00e9phone [&hellip;]\" \/>\n<meta property=\"og:url\" content=\"https:\/\/www.adrena-software.com\/en\/legale-notices\/\" \/>\n<meta property=\"og:site_name\" content=\"Adrena software\" \/>\n<meta property=\"article:publisher\" content=\"https:\/\/www.facebook.com\/profile.php?id=100063667985280\" \/>\n<meta property=\"article:modified_time\" content=\"2026-03-13T10:40:48+00:00\" \/>\n<meta name=\"twitter:card\" content=\"summary_large_image\" \/>\n<meta name=\"twitter:site\" content=\"@AdrenaSoftware\" \/>\n<meta name=\"twitter:label1\" content=\"Est. reading time\" \/>\n\t<meta name=\"twitter:data1\" content=\"8 minutes\" \/>\n<script type=\"application\/ld+json\" class=\"yoast-schema-graph\">{\"@context\":\"https:\\\/\\\/schema.org\",\"@graph\":[{\"@type\":\"WebPage\",\"@id\":\"https:\\\/\\\/www.adrena-software.com\\\/en\\\/legale-notices\\\/\",\"url\":\"https:\\\/\\\/www.adrena-software.com\\\/en\\\/legale-notices\\\/\",\"name\":\"Legal notices - Adrena software\",\"isPartOf\":{\"@id\":\"https:\\\/\\\/www.adrena-software.com\\\/en\\\/#website\"},\"datePublished\":\"2018-09-21T07:49:04+00:00\",\"dateModified\":\"2026-03-13T10:40:48+00:00\",\"breadcrumb\":{\"@id\":\"https:\\\/\\\/www.adrena-software.com\\\/en\\\/legale-notices\\\/#breadcrumb\"},\"inLanguage\":\"en-US\",\"potentialAction\":[{\"@type\":\"ReadAction\",\"target\":[\"https:\\\/\\\/www.adrena-software.com\\\/en\\\/legale-notices\\\/\"]}]},{\"@type\":\"BreadcrumbList\",\"@id\":\"https:\\\/\\\/www.adrena-software.com\\\/en\\\/legale-notices\\\/#breadcrumb\",\"itemListElement\":[{\"@type\":\"ListItem\",\"position\":1,\"name\":\"Home\",\"item\":\"https:\\\/\\\/www.adrena-software.com\\\/en\\\/\"},{\"@type\":\"ListItem\",\"position\":2,\"name\":\"Legal notices\"}]},{\"@type\":\"WebSite\",\"@id\":\"https:\\\/\\\/www.adrena-software.com\\\/en\\\/#website\",\"url\":\"https:\\\/\\\/www.adrena-software.com\\\/en\\\/\",\"name\":\"Adrena software\",\"description\":\"Logiciels de navigation\",\"publisher\":{\"@id\":\"https:\\\/\\\/www.adrena-software.com\\\/en\\\/#organization\"},\"potentialAction\":[{\"@type\":\"SearchAction\",\"target\":{\"@type\":\"EntryPoint\",\"urlTemplate\":\"https:\\\/\\\/www.adrena-software.com\\\/en\\\/?s={search_term_string}\"},\"query-input\":{\"@type\":\"PropertyValueSpecification\",\"valueRequired\":true,\"valueName\":\"search_term_string\"}}],\"inLanguage\":\"en-US\"},{\"@type\":\"Organization\",\"@id\":\"https:\\\/\\\/www.adrena-software.com\\\/en\\\/#organization\",\"name\":\"Adrena\",\"url\":\"https:\\\/\\\/www.adrena-software.com\\\/en\\\/\",\"logo\":{\"@type\":\"ImageObject\",\"inLanguage\":\"en-US\",\"@id\":\"https:\\\/\\\/www.adrena-software.com\\\/en\\\/#\\\/schema\\\/logo\\\/image\\\/\",\"url\":\"https:\\\/\\\/www.adrena-software.com\\\/wp-content\\\/uploads\\\/2024\\\/03\\\/ADRENA-LOGO2023-1-Baseline-Coul.png\",\"contentUrl\":\"https:\\\/\\\/www.adrena-software.com\\\/wp-content\\\/uploads\\\/2024\\\/03\\\/ADRENA-LOGO2023-1-Baseline-Coul.png\",\"width\":2166,\"height\":1441,\"caption\":\"Adrena\"},\"image\":{\"@id\":\"https:\\\/\\\/www.adrena-software.com\\\/en\\\/#\\\/schema\\\/logo\\\/image\\\/\"},\"sameAs\":[\"https:\\\/\\\/www.facebook.com\\\/profile.php?id=100063667985280\",\"https:\\\/\\\/x.com\\\/AdrenaSoftware\",\"https:\\\/\\\/www.youtube.com\\\/user\\\/Adrenavideo\"]}]}<\/script>\n<!-- \/ Yoast SEO plugin. -->","yoast_head_json":{"title":"Legal notices - Adrena software","robots":{"index":"noindex","follow":"follow"},"og_locale":"en_US","og_type":"article","og_title":"Legal notices - Adrena software","og_description":"Editeur Statut de la soci\u00e9t\u00e9 : SAS Nom de la soci\u00e9t\u00e9 : ADRENA N\u00b0 Siret : 44957004300017 NAF : 6201Z Nom du (des) responsable(s) : M RODET Michel Contact Adresse : 183, route de Clisson Code postal : 44230 Ville : Saint S\u00e9bastien sur Loire R\u00e9gion : Pays de la Loire Pays : France T\u00e9l\u00e9phone [&hellip;]","og_url":"https:\/\/www.adrena-software.com\/en\/legale-notices\/","og_site_name":"Adrena software","article_publisher":"https:\/\/www.facebook.com\/profile.php?id=100063667985280","article_modified_time":"2026-03-13T10:40:48+00:00","twitter_card":"summary_large_image","twitter_site":"@AdrenaSoftware","twitter_misc":{"Est. reading time":"8 minutes"},"schema":{"@context":"https:\/\/schema.org","@graph":[{"@type":"WebPage","@id":"https:\/\/www.adrena-software.com\/en\/legale-notices\/","url":"https:\/\/www.adrena-software.com\/en\/legale-notices\/","name":"Legal notices - Adrena software","isPartOf":{"@id":"https:\/\/www.adrena-software.com\/en\/#website"},"datePublished":"2018-09-21T07:49:04+00:00","dateModified":"2026-03-13T10:40:48+00:00","breadcrumb":{"@id":"https:\/\/www.adrena-software.com\/en\/legale-notices\/#breadcrumb"},"inLanguage":"en-US","potentialAction":[{"@type":"ReadAction","target":["https:\/\/www.adrena-software.com\/en\/legale-notices\/"]}]},{"@type":"BreadcrumbList","@id":"https:\/\/www.adrena-software.com\/en\/legale-notices\/#breadcrumb","itemListElement":[{"@type":"ListItem","position":1,"name":"Home","item":"https:\/\/www.adrena-software.com\/en\/"},{"@type":"ListItem","position":2,"name":"Legal notices"}]},{"@type":"WebSite","@id":"https:\/\/www.adrena-software.com\/en\/#website","url":"https:\/\/www.adrena-software.com\/en\/","name":"Adrena software","description":"Logiciels de navigation","publisher":{"@id":"https:\/\/www.adrena-software.com\/en\/#organization"},"potentialAction":[{"@type":"SearchAction","target":{"@type":"EntryPoint","urlTemplate":"https:\/\/www.adrena-software.com\/en\/?s={search_term_string}"},"query-input":{"@type":"PropertyValueSpecification","valueRequired":true,"valueName":"search_term_string"}}],"inLanguage":"en-US"},{"@type":"Organization","@id":"https:\/\/www.adrena-software.com\/en\/#organization","name":"Adrena","url":"https:\/\/www.adrena-software.com\/en\/","logo":{"@type":"ImageObject","inLanguage":"en-US","@id":"https:\/\/www.adrena-software.com\/en\/#\/schema\/logo\/image\/","url":"https:\/\/www.adrena-software.com\/wp-content\/uploads\/2024\/03\/ADRENA-LOGO2023-1-Baseline-Coul.png","contentUrl":"https:\/\/www.adrena-software.com\/wp-content\/uploads\/2024\/03\/ADRENA-LOGO2023-1-Baseline-Coul.png","width":2166,"height":1441,"caption":"Adrena"},"image":{"@id":"https:\/\/www.adrena-software.com\/en\/#\/schema\/logo\/image\/"},"sameAs":["https:\/\/www.facebook.com\/profile.php?id=100063667985280","https:\/\/x.com\/AdrenaSoftware","https:\/\/www.youtube.com\/user\/Adrenavideo"]}]}},"_links":{"self":[{"href":"https:\/\/www.adrena-software.com\/en\/wp-json\/wp\/v2\/pages\/14830","targetHints":{"allow":["GET"]}}],"collection":[{"href":"https:\/\/www.adrena-software.com\/en\/wp-json\/wp\/v2\/pages"}],"about":[{"href":"https:\/\/www.adrena-software.com\/en\/wp-json\/wp\/v2\/types\/page"}],"author":[{"embeddable":true,"href":"https:\/\/www.adrena-software.com\/en\/wp-json\/wp\/v2\/users\/2"}],"replies":[{"embeddable":true,"href":"https:\/\/www.adrena-software.com\/en\/wp-json\/wp\/v2\/comments?post=14830"}],"version-history":[{"count":2,"href":"https:\/\/www.adrena-software.com\/en\/wp-json\/wp\/v2\/pages\/14830\/revisions"}],"predecessor-version":[{"id":35600,"href":"https:\/\/www.adrena-software.com\/en\/wp-json\/wp\/v2\/pages\/14830\/revisions\/35600"}],"wp:attachment":[{"href":"https:\/\/www.adrena-software.com\/en\/wp-json\/wp\/v2\/media?parent=14830"}],"curies":[{"name":"wp","href":"https:\/\/api.w.org\/{rel}","templated":true}]}}