{"id":15378,"date":"2018-09-27T17:00:04","date_gmt":"2018-09-27T15:00:04","guid":{"rendered":"https:\/\/www.adrena-software.com\/?page_id=15378"},"modified":"2025-04-16T13:43:13","modified_gmt":"2025-04-16T11:43:13","slug":"test-our-products","status":"publish","type":"page","link":"https:\/\/www.adrena-software.com\/en\/our-navigation-software-offer\/test-our-products\/","title":{"rendered":"Test our products"},"content":{"rendered":"\r\n\r\n\t\t<h2>\r\n\t\t\ttry Adrena and Octopus for free\r\n\t\t<\/h2>\r\n\t\t<h3>\r\n\t\t\tDemo version\r\n\t\t<\/h3>\r\n\t\t<ul>\r\n\t\t\t\t\t<li>\r\n\t\t\t\t\r\n\t\t<p>Unlimited time of use<\/p>\t\t\t\r\n\t\t\t<\/li>\r\n\t\t\t\t\t<li>\r\n\t\t\t\t\r\n\t\t<p>No instruments connection nor saving files<\/p>\t\t\t\r\n\t\t\t<\/li>\r\n\t\t\t\t<\/ul>\r\n\t<a href=\"\/downloads\/Octopus_eInst.msi\" target=\"_blank\" role=\"button\" rel=\"noopener\" aria-label=\"OCTOPUS Demo Version\">\r\n\t\t\t\t\t\tOCTOPUS Demo Version\r\n\t\t\t\t\t<\/a>\r\n\t<a href=\"\/downloads\/Adrena_eInst.msi\" target=\"_blank\" role=\"button\" rel=\"noopener\" aria-label=\"ADRENA Demo Version\">\r\n\t\t\t\t\t\tADRENA Demo Version\r\n\t\t\t\t\t<\/a>\r\n\t\t<h3>\r\n\t\t\tTrial version\r\n\t\t<\/h3>\r\n\t\t<ul>\r\n\t\t\t\t\t<li>\r\n\t\t\t\t\r\n\t\t<p>1 month complete version with all functions<\/p>\t\t\t\r\n\t\t\t<\/li>\r\n\t\t\t\t\t<li>\r\n\t\t\t\t\r\n\t\t<p>Connectable to the navigational instruments<\/p>\t\t\t\r\n\t\t\t<\/li>\r\n\t\t\t\t<\/ul>\r\n\t<a href=\"\/downloads\/Octopus_eInst.msi\" target=\"_blank\" role=\"button\" rel=\"noopener\" aria-label=\"OCTOPUS Trial Version\">\r\n\t\t\t\t\t\tOCTOPUS Trial Version\r\n\t\t\t\t\t<\/a>\r\n\t<a href=\"\/downloads\/Adrena_eInst.msi\" target=\"_blank\" role=\"button\" rel=\"noopener\" aria-label=\"ADRENA Trial Version\">\r\n\t\t\t\t\t\tADRENA Trial Version\r\n\t\t\t\t\t<\/a>\r\n\t\t<h4>\r\n\t\t\tModal Box\r\n\t\t\t\t\t<\/h4>\r\n\t\t<h5>modal-<\/h5>\r\n\t\tClick here to edit the &#8220;modal-box&#8221; settings. This text is only for editing and will not appear after you publish the changes.\t\r\n\t\t\t\t\t\tPreview\r\n\t\t\tmodal-\r\n\t\t\t\t\t\t\n<div class=\"wpcf7 no-js\" id=\"wpcf7-f13074-o1\" lang=\"fr-FR\" dir=\"ltr\" data-wpcf7-id=\"13074\">\n<div class=\"screen-reader-response\"><p role=\"status\" aria-live=\"polite\" aria-atomic=\"true\"><\/p> <ul><\/ul><\/div>\n<form action=\"\/en\/wp-json\/wp\/v2\/pages\/15378#wpcf7-f13074-o1\" method=\"post\" class=\"wpcf7-form init\" aria-label=\"Formulaire de contact\" novalidate=\"novalidate\" data-status=\"init\">\n<fieldset class=\"hidden-fields-container\"><input type=\"hidden\" name=\"_wpcf7\" value=\"13074\" \/><input type=\"hidden\" name=\"_wpcf7_version\" value=\"6.1.5\" \/><input type=\"hidden\" name=\"_wpcf7_locale\" value=\"fr_FR\" \/><input type=\"hidden\" name=\"_wpcf7_unit_tag\" value=\"wpcf7-f13074-o1\" \/><input type=\"hidden\" name=\"_wpcf7_container_post\" value=\"0\" \/><input type=\"hidden\" name=\"_wpcf7_posted_data_hash\" value=\"\" \/><input type=\"hidden\" name=\"_wpcf7dtx_version\" value=\"5.0.5\" \/>\n<\/fieldset>\n<div class=\"wrap\">\n\t<p class=\"text-center\"><small>Les champs marqu\u00e9s d'un * sont obligatoires<\/small>\n\t<\/p>\n\t<div class=\"row\">\n\t\t<div class=\"col-12 col-sm-6\">\n\t\t\t<p><label for=\"version\">Choisissez votre produit *<\/label><br \/>\n<span class=\"wpcf7-form-control-wrap\" data-name=\"version\"><select class=\"wpcf7-form-control wpcf7-select wpcf7-validates-as-required form-control\" aria-required=\"true\" aria-invalid=\"false\" name=\"version\"><option value=\"\">&#8212;Veuillez choisir une option&#8212;<\/option><option value=\"Version d&#039;\u00e9valuation Octopus\">Version d&#039;\u00e9valuation Octopus<\/option><option value=\"Version d&#039;\u00e9valuation Adrena\">Version d&#039;\u00e9valuation Adrena<\/option><option value=\"Version de d\u00e9monstration Octopus\">Version de d\u00e9monstration Octopus<\/option><option value=\"Version de d\u00e9monstration Adrena\">Version de d\u00e9monstration Adrena<\/option><\/select><\/span>\n\t\t\t<\/p>\n\t\t<\/div>\n\t\t<div class=\"col-12 col-sm-6\">\n\t\t\t<div class=\"form-group\">\n\t\t\t\t<p><label for=\"your-email-contact\">E-mail *<\/label><br \/>\n<span class=\"wpcf7-form-control-wrap\" data-name=\"your-email\"><input size=\"40\" maxlength=\"400\" class=\"wpcf7-form-control wpcf7-email wpcf7-validates-as-required wpcf7-text wpcf7-validates-as-email form-control\" id=\"your-email-contact\" aria-required=\"true\" aria-invalid=\"false\" value=\"\" type=\"email\" name=\"your-email\" \/><\/span>\n\t\t\t\t<\/p>\n\t\t\t<\/div>\n\t\t<\/div>\n\t<\/div>\n\t<div class=\"row\">\n\t\t<div class=\"col-12 col-sm-4\">\n\t\t\t<div class=\"form-group\">\n\t\t\t\t<p><label for=\"your-name\">Nom<\/label><br \/>\n<span class=\"wpcf7-form-control-wrap\" data-name=\"your-name\"><input size=\"40\" maxlength=\"400\" class=\"wpcf7-form-control wpcf7-text form-control\" id=\"your-name\" aria-invalid=\"false\" value=\"\" type=\"text\" name=\"your-name\" \/><\/span>\n\t\t\t\t<\/p>\n\t\t\t<\/div>\n\t\t<\/div>\n\t\t<div class=\"col-12 col-sm-4\">\n\t\t\t<div class=\"form-group\">\n\t\t\t\t<p><label for=\"your-prenom\">Pr\u00e9nom<\/label><br \/>\n<span class=\"wpcf7-form-control-wrap\" data-name=\"your-prenom\"><input size=\"40\" maxlength=\"400\" class=\"wpcf7-form-control wpcf7-text form-control\" id=\"your-prenom\" aria-invalid=\"false\" value=\"\" type=\"text\" name=\"your-prenom\" \/><\/span>\n\t\t\t\t<\/p>\n\t\t\t<\/div>\n\t\t<\/div>\n\t\t<div class=\"col-12 col-sm-4\">\n\t\t\t<div class=\"form-group\">\n\t\t\t\t<p><label for=\"telephone\">T\u00e9l\u00e9phone<\/label><br \/>\n<span class=\"wpcf7-form-control-wrap\" data-name=\"telephone\"><input size=\"40\" maxlength=\"400\" class=\"wpcf7-form-control wpcf7-text form-control\" id=\"telephone\" aria-invalid=\"false\" value=\"\" type=\"text\" name=\"telephone\" \/><\/span>\n\t\t\t\t<\/p>\n\t\t\t<\/div>\n\t\t<\/div>\n\t<\/div>\n\t<div class=\"row\">\n\t\t<div class=\"col-12\">\n\t\t\t<p><label for=\"rgpd_accept\">Conditions d\u2019utilisation de vos donn\u00e9es personnelles<\/label><br \/>\n<span class=\"wpcf7-form-control-wrap\" data-name=\"rgpd_accept\"><span class=\"wpcf7-form-control wpcf7-acceptance\"><span class=\"wpcf7-list-item\"><label><input type=\"checkbox\" name=\"rgpd_accept\" value=\"1\" id=\"rgpd_accept\" aria-invalid=\"false\" \/><span class=\"wpcf7-list-item-label\">En soumettant ce formulaire, vous acceptez que Adrena m\u00e9morise et utilise vos donn\u00e9es personnelles en suivant la politique d\u00e9crite dans notre <a href=\"\/politique-de-confidentialite\/\">politique de confidentialit\u00e9<\/a>. Nous respectons votre vie priv\u00e9e et nous engageons \u00e0 ne pas divulguer ces informations, et \u00e0 les utiliser pour vous proposer des contenus et \u00e9v\u00e9nements li\u00e9s \u00e0 notre secteur d'activit\u00e9. Vous pouvez vous <a href=\"#\">d\u00e9sinscrire de ce type de communications \u00e0 tout moment<\/a>.<\/span><\/label><\/span><\/span><\/span>\n\t\t\t<\/p>\n\t\t<\/div>\n\t<\/div>\n\t<p class=\"text-center\"><input class=\"wpcf7-form-control wpcf7-submit has-spinner btn btn-primary\" type=\"submit\" value=\"T\u00e9l\u00e9charger le produit\" \/>\n\t<\/p>\n<\/div><input\n                    class=\"apbct_special_field apbct_email_id__wp_contact_form_7\"\n                    name=\"apbct__email_id__wp_contact_form_7\"\n                    aria-label=\"apbct__label_id__wp_contact_form_7\"\n                    type=\"text\" size=\"30\" maxlength=\"200\" autocomplete=\"off\"\n                    value=\"\"\n                \/><div class=\"wpcf7-response-output\" aria-hidden=\"true\"><\/div>\n<\/form>\n<\/div>\n\t\t\t\t\t\r\n\t\t<h2>\r\n\t\t\tDemo<br \/>version\r\n\t\t<\/h2>\r\n\t<p>&nbsp;<\/p>\r\n<p><strong>1- \u00a0Double-click on the downloaded file or choose directly &#8220;run&#8221; (<em>Recommendation: choose by default settings<\/em><em>)<\/em><\/strong><\/p>\r\n<p>2- Once installation is complete, start the software and <strong>register<\/strong>.<\/p>\r\n<p>3- Click on <strong>Demo<\/strong>.<\/p>\r\n<p>4- <strong>Software starts in a restricted version<\/strong> that cannot be linked to NMEA instruments.<\/p>\r\n\t\t<h2>\r\n\t\t\tTrial<br \/>version\r\n\t\t<\/h2>\r\n\t<p>&nbsp;<\/p>\r\n<p><strong>1- Double click on the downloaded file or choose directly &#8220;run&#8221; (<em>Recommendation: choose by default settings<\/em><em>)<\/em><\/strong><\/p>\r\n<p>2- Once installation is complete, start the software and <strong>register<\/strong>.<\/p>\r\n<p>3- Click on <strong>TRY.<\/strong><\/p>\r\n4- <strong>Fill in your details<\/strong> and send the key request.<br \/>\r\nIf you don&#8217;t have an internet connection on your PC, click on \u00abGenerate file\u00bb and send the file to <a href=\"mailto:support@adrena.fr\">support@adrena.fr<\/a>\r\n<p>You will get back an email with your key to activate the software.<\/p>\r\n<p>5- To start Adrena or Octopus, double click on the icon on your desktop, click on button<strong> &#8220;Type the key&#8221;<\/strong> and enter the activation key.<\/p>\r\n<p>&nbsp;<\/p>\r\n\t\t\t\t\t\t\t\t<a href=\"https:\/\/www.adrena-software.com\/contact\/\" target=\"_self\" rel=\"noopener\">\r\n\t\t\t\t\t\t<\/a>\r\n\t<p>Contact<\/p>\r\n\t\t\t\t<img decoding=\"async\" src=\"https:\/\/www.adrena-software.com\/wp-content\/uploads\/2018\/06\/logo-fedex.png\" alt=\"logo-fedex\" itemprop=\"image\" height=\"52\" width=\"118\" title=\"logo-fedex\" onerror=\"this.style.display='none'\"  \/>\r\n<p>Livraison Express<\/p>\r\n\t<p>Paiement 100% s\u00e9curis\u00e9<\/p>\r\n\t\t\t\t\t\t\t\t<a href=\"https:\/\/www.adrena-software.com\/support\/\" target=\"_self\" rel=\"noopener\">\r\n\t\t\t\t\t\t<\/a>\r\n\t<p>Support<\/p>\r\n\r\n","protected":false},"excerpt":{"rendered":"<p>try Adrena and Octopus for free Demo version Unlimited time of use No instruments connection nor saving files OCTOPUS Demo Version ADRENA Demo Version Trial version 1 month complete version with all functions Connectable to the navigational instruments OCTOPUS Trial Version ADRENA Trial Version Modal Box modal- Click here to edit the &#8220;modal-box&#8221; settings. This [&hellip;]<\/p>\n","protected":false},"author":2,"featured_media":14442,"parent":14745,"menu_order":0,"comment_status":"closed","ping_status":"closed","template":"","meta":{"_acf_changed":false,"footnotes":""},"class_list":["post-15378","page","type-page","status-publish","has-post-thumbnail","hentry"],"acf":[],"yoast_head":"<!-- This site is optimized with the Yoast SEO plugin v27.3 - https:\/\/yoast.com\/product\/yoast-seo-wordpress\/ -->\n<title>Test our products - Adrena software<\/title>\n<meta name=\"robots\" content=\"index, follow, max-snippet:-1, max-image-preview:large, max-video-preview:-1\" \/>\n<link rel=\"canonical\" href=\"https:\/\/www.adrena-software.com\/en\/our-navigation-software-offer\/test-our-products\/\" \/>\n<meta property=\"og:locale\" content=\"en_US\" \/>\n<meta property=\"og:type\" content=\"article\" \/>\n<meta property=\"og:title\" content=\"Test our products - Adrena software\" \/>\n<meta property=\"og:description\" content=\"try Adrena and Octopus for free Demo version Unlimited time of use No instruments connection nor saving files OCTOPUS Demo Version ADRENA Demo Version Trial version 1 month complete version with all functions Connectable to the navigational instruments OCTOPUS Trial Version ADRENA Trial Version Modal Box modal- Click here to edit the &#8220;modal-box&#8221; settings. This [&hellip;]\" \/>\n<meta property=\"og:url\" content=\"https:\/\/www.adrena-software.com\/en\/our-navigation-software-offer\/test-our-products\/\" \/>\n<meta property=\"og:site_name\" content=\"Adrena software\" \/>\n<meta property=\"article:publisher\" content=\"https:\/\/www.facebook.com\/profile.php?id=100063667985280\" \/>\n<meta property=\"article:modified_time\" content=\"2025-04-16T11:43:13+00:00\" \/>\n<meta property=\"og:image\" content=\"https:\/\/www.adrena-software.com\/wp-content\/uploads\/2018\/08\/header-test.jpg\" \/>\n\t<meta property=\"og:image:width\" content=\"1920\" \/>\n\t<meta property=\"og:image:height\" content=\"481\" \/>\n\t<meta property=\"og:image:type\" content=\"image\/jpeg\" \/>\n<meta name=\"twitter:card\" content=\"summary_large_image\" \/>\n<meta name=\"twitter:site\" content=\"@AdrenaSoftware\" \/>\n<meta name=\"twitter:label1\" content=\"Est. reading time\" \/>\n\t<meta name=\"twitter:data1\" content=\"2 minutes\" \/>\n<script type=\"application\/ld+json\" class=\"yoast-schema-graph\">{\"@context\":\"https:\\\/\\\/schema.org\",\"@graph\":[{\"@type\":\"WebPage\",\"@id\":\"https:\\\/\\\/www.adrena-software.com\\\/en\\\/our-navigation-software-offer\\\/test-our-products\\\/\",\"url\":\"https:\\\/\\\/www.adrena-software.com\\\/en\\\/our-navigation-software-offer\\\/test-our-products\\\/\",\"name\":\"Test our products - Adrena software\",\"isPartOf\":{\"@id\":\"https:\\\/\\\/www.adrena-software.com\\\/en\\\/#website\"},\"primaryImageOfPage\":{\"@id\":\"https:\\\/\\\/www.adrena-software.com\\\/en\\\/our-navigation-software-offer\\\/test-our-products\\\/#primaryimage\"},\"image\":{\"@id\":\"https:\\\/\\\/www.adrena-software.com\\\/en\\\/our-navigation-software-offer\\\/test-our-products\\\/#primaryimage\"},\"thumbnailUrl\":\"https:\\\/\\\/www.adrena-software.com\\\/wp-content\\\/uploads\\\/2018\\\/08\\\/header-test.jpg\",\"datePublished\":\"2018-09-27T15:00:04+00:00\",\"dateModified\":\"2025-04-16T11:43:13+00:00\",\"breadcrumb\":{\"@id\":\"https:\\\/\\\/www.adrena-software.com\\\/en\\\/our-navigation-software-offer\\\/test-our-products\\\/#breadcrumb\"},\"inLanguage\":\"en-US\",\"potentialAction\":[{\"@type\":\"ReadAction\",\"target\":[\"https:\\\/\\\/www.adrena-software.com\\\/en\\\/our-navigation-software-offer\\\/test-our-products\\\/\"]}]},{\"@type\":\"ImageObject\",\"inLanguage\":\"en-US\",\"@id\":\"https:\\\/\\\/www.adrena-software.com\\\/en\\\/our-navigation-software-offer\\\/test-our-products\\\/#primaryimage\",\"url\":\"https:\\\/\\\/www.adrena-software.com\\\/wp-content\\\/uploads\\\/2018\\\/08\\\/header-test.jpg\",\"contentUrl\":\"https:\\\/\\\/www.adrena-software.com\\\/wp-content\\\/uploads\\\/2018\\\/08\\\/header-test.jpg\",\"width\":1920,\"height\":481},{\"@type\":\"BreadcrumbList\",\"@id\":\"https:\\\/\\\/www.adrena-software.com\\\/en\\\/our-navigation-software-offer\\\/test-our-products\\\/#breadcrumb\",\"itemListElement\":[{\"@type\":\"ListItem\",\"position\":1,\"name\":\"Home\",\"item\":\"https:\\\/\\\/www.adrena-software.com\\\/en\\\/\"},{\"@type\":\"ListItem\",\"position\":2,\"name\":\"Our Navigation Software Offer\",\"item\":\"https:\\\/\\\/www.adrena-software.com\\\/en\\\/our-navigation-software-offer\\\/\"},{\"@type\":\"ListItem\",\"position\":3,\"name\":\"Test our products\"}]},{\"@type\":\"WebSite\",\"@id\":\"https:\\\/\\\/www.adrena-software.com\\\/en\\\/#website\",\"url\":\"https:\\\/\\\/www.adrena-software.com\\\/en\\\/\",\"name\":\"Adrena software\",\"description\":\"Logiciels de navigation\",\"publisher\":{\"@id\":\"https:\\\/\\\/www.adrena-software.com\\\/en\\\/#organization\"},\"potentialAction\":[{\"@type\":\"SearchAction\",\"target\":{\"@type\":\"EntryPoint\",\"urlTemplate\":\"https:\\\/\\\/www.adrena-software.com\\\/en\\\/?s={search_term_string}\"},\"query-input\":{\"@type\":\"PropertyValueSpecification\",\"valueRequired\":true,\"valueName\":\"search_term_string\"}}],\"inLanguage\":\"en-US\"},{\"@type\":\"Organization\",\"@id\":\"https:\\\/\\\/www.adrena-software.com\\\/en\\\/#organization\",\"name\":\"Adrena\",\"url\":\"https:\\\/\\\/www.adrena-software.com\\\/en\\\/\",\"logo\":{\"@type\":\"ImageObject\",\"inLanguage\":\"en-US\",\"@id\":\"https:\\\/\\\/www.adrena-software.com\\\/en\\\/#\\\/schema\\\/logo\\\/image\\\/\",\"url\":\"https:\\\/\\\/www.adrena-software.com\\\/wp-content\\\/uploads\\\/2024\\\/03\\\/ADRENA-LOGO2023-1-Baseline-Coul.png\",\"contentUrl\":\"https:\\\/\\\/www.adrena-software.com\\\/wp-content\\\/uploads\\\/2024\\\/03\\\/ADRENA-LOGO2023-1-Baseline-Coul.png\",\"width\":2166,\"height\":1441,\"caption\":\"Adrena\"},\"image\":{\"@id\":\"https:\\\/\\\/www.adrena-software.com\\\/en\\\/#\\\/schema\\\/logo\\\/image\\\/\"},\"sameAs\":[\"https:\\\/\\\/www.facebook.com\\\/profile.php?id=100063667985280\",\"https:\\\/\\\/x.com\\\/AdrenaSoftware\",\"https:\\\/\\\/www.youtube.com\\\/user\\\/Adrenavideo\"]}]}<\/script>\n<!-- \/ Yoast SEO plugin. -->","yoast_head_json":{"title":"Test our products - Adrena software","robots":{"index":"index","follow":"follow","max-snippet":"max-snippet:-1","max-image-preview":"max-image-preview:large","max-video-preview":"max-video-preview:-1"},"canonical":"https:\/\/www.adrena-software.com\/en\/our-navigation-software-offer\/test-our-products\/","og_locale":"en_US","og_type":"article","og_title":"Test our products - Adrena software","og_description":"try Adrena and Octopus for free Demo version Unlimited time of use No instruments connection nor saving files OCTOPUS Demo Version ADRENA Demo Version Trial version 1 month complete version with all functions Connectable to the navigational instruments OCTOPUS Trial Version ADRENA Trial Version Modal Box modal- Click here to edit the &#8220;modal-box&#8221; settings. This [&hellip;]","og_url":"https:\/\/www.adrena-software.com\/en\/our-navigation-software-offer\/test-our-products\/","og_site_name":"Adrena software","article_publisher":"https:\/\/www.facebook.com\/profile.php?id=100063667985280","article_modified_time":"2025-04-16T11:43:13+00:00","og_image":[{"width":1920,"height":481,"url":"https:\/\/www.adrena-software.com\/wp-content\/uploads\/2018\/08\/header-test.jpg","type":"image\/jpeg"}],"twitter_card":"summary_large_image","twitter_site":"@AdrenaSoftware","twitter_misc":{"Est. reading time":"2 minutes"},"schema":{"@context":"https:\/\/schema.org","@graph":[{"@type":"WebPage","@id":"https:\/\/www.adrena-software.com\/en\/our-navigation-software-offer\/test-our-products\/","url":"https:\/\/www.adrena-software.com\/en\/our-navigation-software-offer\/test-our-products\/","name":"Test our products - Adrena software","isPartOf":{"@id":"https:\/\/www.adrena-software.com\/en\/#website"},"primaryImageOfPage":{"@id":"https:\/\/www.adrena-software.com\/en\/our-navigation-software-offer\/test-our-products\/#primaryimage"},"image":{"@id":"https:\/\/www.adrena-software.com\/en\/our-navigation-software-offer\/test-our-products\/#primaryimage"},"thumbnailUrl":"https:\/\/www.adrena-software.com\/wp-content\/uploads\/2018\/08\/header-test.jpg","datePublished":"2018-09-27T15:00:04+00:00","dateModified":"2025-04-16T11:43:13+00:00","breadcrumb":{"@id":"https:\/\/www.adrena-software.com\/en\/our-navigation-software-offer\/test-our-products\/#breadcrumb"},"inLanguage":"en-US","potentialAction":[{"@type":"ReadAction","target":["https:\/\/www.adrena-software.com\/en\/our-navigation-software-offer\/test-our-products\/"]}]},{"@type":"ImageObject","inLanguage":"en-US","@id":"https:\/\/www.adrena-software.com\/en\/our-navigation-software-offer\/test-our-products\/#primaryimage","url":"https:\/\/www.adrena-software.com\/wp-content\/uploads\/2018\/08\/header-test.jpg","contentUrl":"https:\/\/www.adrena-software.com\/wp-content\/uploads\/2018\/08\/header-test.jpg","width":1920,"height":481},{"@type":"BreadcrumbList","@id":"https:\/\/www.adrena-software.com\/en\/our-navigation-software-offer\/test-our-products\/#breadcrumb","itemListElement":[{"@type":"ListItem","position":1,"name":"Home","item":"https:\/\/www.adrena-software.com\/en\/"},{"@type":"ListItem","position":2,"name":"Our Navigation Software Offer","item":"https:\/\/www.adrena-software.com\/en\/our-navigation-software-offer\/"},{"@type":"ListItem","position":3,"name":"Test our products"}]},{"@type":"WebSite","@id":"https:\/\/www.adrena-software.com\/en\/#website","url":"https:\/\/www.adrena-software.com\/en\/","name":"Adrena software","description":"Logiciels de navigation","publisher":{"@id":"https:\/\/www.adrena-software.com\/en\/#organization"},"potentialAction":[{"@type":"SearchAction","target":{"@type":"EntryPoint","urlTemplate":"https:\/\/www.adrena-software.com\/en\/?s={search_term_string}"},"query-input":{"@type":"PropertyValueSpecification","valueRequired":true,"valueName":"search_term_string"}}],"inLanguage":"en-US"},{"@type":"Organization","@id":"https:\/\/www.adrena-software.com\/en\/#organization","name":"Adrena","url":"https:\/\/www.adrena-software.com\/en\/","logo":{"@type":"ImageObject","inLanguage":"en-US","@id":"https:\/\/www.adrena-software.com\/en\/#\/schema\/logo\/image\/","url":"https:\/\/www.adrena-software.com\/wp-content\/uploads\/2024\/03\/ADRENA-LOGO2023-1-Baseline-Coul.png","contentUrl":"https:\/\/www.adrena-software.com\/wp-content\/uploads\/2024\/03\/ADRENA-LOGO2023-1-Baseline-Coul.png","width":2166,"height":1441,"caption":"Adrena"},"image":{"@id":"https:\/\/www.adrena-software.com\/en\/#\/schema\/logo\/image\/"},"sameAs":["https:\/\/www.facebook.com\/profile.php?id=100063667985280","https:\/\/x.com\/AdrenaSoftware","https:\/\/www.youtube.com\/user\/Adrenavideo"]}]}},"_links":{"self":[{"href":"https:\/\/www.adrena-software.com\/en\/wp-json\/wp\/v2\/pages\/15378","targetHints":{"allow":["GET"]}}],"collection":[{"href":"https:\/\/www.adrena-software.com\/en\/wp-json\/wp\/v2\/pages"}],"about":[{"href":"https:\/\/www.adrena-software.com\/en\/wp-json\/wp\/v2\/types\/page"}],"author":[{"embeddable":true,"href":"https:\/\/www.adrena-software.com\/en\/wp-json\/wp\/v2\/users\/2"}],"replies":[{"embeddable":true,"href":"https:\/\/www.adrena-software.com\/en\/wp-json\/wp\/v2\/comments?post=15378"}],"version-history":[{"count":1,"href":"https:\/\/www.adrena-software.com\/en\/wp-json\/wp\/v2\/pages\/15378\/revisions"}],"predecessor-version":[{"id":28946,"href":"https:\/\/www.adrena-software.com\/en\/wp-json\/wp\/v2\/pages\/15378\/revisions\/28946"}],"up":[{"embeddable":true,"href":"https:\/\/www.adrena-software.com\/en\/wp-json\/wp\/v2\/pages\/14745"}],"wp:featuredmedia":[{"embeddable":true,"href":"https:\/\/www.adrena-software.com\/en\/wp-json\/wp\/v2\/media\/14442"}],"wp:attachment":[{"href":"https:\/\/www.adrena-software.com\/en\/wp-json\/wp\/v2\/media?parent=15378"}],"curies":[{"name":"wp","href":"https:\/\/api.w.org\/{rel}","templated":true}]}}